{"id":28,"date":"2014-04-25T13:44:47","date_gmt":"2014-04-25T11:44:47","guid":{"rendered":"http:\/\/fonds-voltaire.org\/?page_id=28"},"modified":"2014-04-25T13:44:47","modified_gmt":"2014-04-25T11:44:47","slug":"publications","status":"publish","type":"page","link":"http:\/\/fonds-voltaire.org\/wp\/?page_id=28","title":{"rendered":"Publications"},"content":{"rendered":"<p class=\"p1\">Depuis la cr\u00e9ation en 1998 du Centre international d&rsquo;\u00e9tude du XVIII<sup>e<\/sup> si\u00e8cle, la ville de Ferney-Voltaire est connue pour la qualit\u00e9 de ses publications sur le XVIIIe si\u00e8cle, publications r\u00e9alis\u00e9es par une equipe restreinte de b\u00e9n\u00e9voles ind\u00e9pendants travaillant en collaboration avec des chercheurs du monde entier.<\/p>\n<p class=\"p1\">Le catalogue des publications du Centre peut \u00eatre\u00a0<a href=\"http:\/\/c18.net\/cieds-catalogue.pdf\"><span class=\"s1\">t\u00e9l\u00e9charg\u00e9 ici<\/span><\/a>.<\/p>\n<p class=\"p1\">Nous cherchons votre soutien pour ces publications, qui seront progressivement mis \u00e0 la disposition de tous sur l&rsquo;internet.<\/p>\n","protected":false},"excerpt":{"rendered":"<p>Depuis la cr\u00e9ation en 1998 du Centre international d&rsquo;\u00e9tude du XVIIIe si\u00e8cle, la ville de Ferney-Voltaire est connue pour la qualit\u00e9 de ses publications sur le XVIIIe si\u00e8cle, publications r\u00e9alis\u00e9es par une equipe restreinte de b\u00e9n\u00e9voles ind\u00e9pendants travaillant en collaboration avec des chercheurs du monde entier. Le catalogue des publications du Centre peut \u00eatre\u00a0t\u00e9l\u00e9charg\u00e9 ici. [&hellip;]<\/p>\n","protected":false},"author":1,"featured_media":0,"parent":0,"menu_order":0,"comment_status":"closed","ping_status":"closed","template":"","meta":[],"_links":{"self":[{"href":"http:\/\/fonds-voltaire.org\/wp\/index.php?rest_route=\/wp\/v2\/pages\/28"}],"collection":[{"href":"http:\/\/fonds-voltaire.org\/wp\/index.php?rest_route=\/wp\/v2\/pages"}],"about":[{"href":"http:\/\/fonds-voltaire.org\/wp\/index.php?rest_route=\/wp\/v2\/types\/page"}],"author":[{"embeddable":true,"href":"http:\/\/fonds-voltaire.org\/wp\/index.php?rest_route=\/wp\/v2\/users\/1"}],"replies":[{"embeddable":true,"href":"http:\/\/fonds-voltaire.org\/wp\/index.php?rest_route=%2Fwp%2Fv2%2Fcomments&post=28"}],"version-history":[{"count":0,"href":"http:\/\/fonds-voltaire.org\/wp\/index.php?rest_route=\/wp\/v2\/pages\/28\/revisions"}],"wp:attachment":[{"href":"http:\/\/fonds-voltaire.org\/wp\/index.php?rest_route=%2Fwp%2Fv2%2Fmedia&parent=28"}],"curies":[{"name":"wp","href":"https:\/\/api.w.org\/{rel}","templated":true}]}}