{"id":14,"date":"2014-04-25T13:40:25","date_gmt":"2014-04-25T11:40:25","guid":{"rendered":"http:\/\/fonds-voltaire.org\/?page_id=14"},"modified":"2014-04-25T13:40:25","modified_gmt":"2014-04-25T11:40:25","slug":"cahiers-voltaire","status":"publish","type":"page","link":"https:\/\/fonds-voltaire.org\/wp\/?page_id=14","title":{"rendered":"Cahiers Voltaire"},"content":{"rendered":"<p class=\"p1\">La Soci\u00e9t\u00e9 Voltaire a cr\u00e9\u00e9 sa revue annuelle, les\u00a0<i>Cahiers Voltaire<\/i>, sans id\u00e9e de domaine r\u00e9serv\u00e9, de mission privil\u00e9gi\u00e9e, de champ clos: il s\u2019agit ici du Voltaire de tous et d\u2019un Voltaire pour tous, sans aucune exclusive. Le concept de notre revue, ses rubriques, les cadres d\u2019intervention et modes de contribution propos\u00e9s tendent \u00e0 l\u2019\u00e9change et au partage. Autour de Voltaire, autour des questions que peut poser aujourd\u2019hui la lecture des \u00e9crits de Voltaire, nous souhaitons rassembler et rapprocher un public divers de sp\u00e9cialistes et d\u2019amateurs, de chercheurs et de curieux, d\u2019intellectuels et de professionnels, d\u2019\u00e9tudiants et d\u2019enseignants, de lecteurs avertis ou profanes et au-del\u00e0 d\u2019un espace francophone strictement d\u00e9fini. Les\u00a0<i>Cahiers Voltaire<\/i>\u00a0veulent \u00eatre \u00e0 la fois une revue de savoir, d\u2019\u00e9rudition, de diffusion des avanc\u00e9es de la recherche et une revue d\u2019action en faveur de la recherche, d\u2019appel \u00e0 participation et \u00e0 d\u00e9bat, d\u2019examen continu des acquis r\u00e9alis\u00e9s, des effets et des progr\u00e8s possibles. La revue essaie d\u2019ouvrir un espace d\u2019\u00e9change entre chercheurs et public, un passage entre amphi et forum.<\/p>\n<p class=\"p1\">Contribution recherch\u00e9e: 5&nbsp;000\u00a0\u20ac par an.<\/p>\n<p class=\"p1\">Pour plus d&rsquo;informations sur les\u00a0<i>Cahiers Voltaire<\/i>,\u00a0<a href=\"http:\/\/societe-voltaire.org\/cv.php\"><span class=\"s1\">consulter ces pages<\/span><\/a>.<\/p>\n","protected":false},"excerpt":{"rendered":"<p>La Soci\u00e9t\u00e9 Voltaire a cr\u00e9\u00e9 sa revue annuelle, les\u00a0Cahiers Voltaire, sans id\u00e9e de domaine r\u00e9serv\u00e9, de mission privil\u00e9gi\u00e9e, de champ clos: il s\u2019agit ici du Voltaire de tous et d\u2019un Voltaire pour tous, sans aucune exclusive. Le concept de notre revue, ses rubriques, les cadres d\u2019intervention et modes de contribution propos\u00e9s tendent \u00e0 l\u2019\u00e9change et [&hellip;]<\/p>\n","protected":false},"author":1,"featured_media":0,"parent":0,"menu_order":0,"comment_status":"closed","ping_status":"closed","template":"","meta":[],"_links":{"self":[{"href":"https:\/\/fonds-voltaire.org\/wp\/index.php?rest_route=\/wp\/v2\/pages\/14"}],"collection":[{"href":"https:\/\/fonds-voltaire.org\/wp\/index.php?rest_route=\/wp\/v2\/pages"}],"about":[{"href":"https:\/\/fonds-voltaire.org\/wp\/index.php?rest_route=\/wp\/v2\/types\/page"}],"author":[{"embeddable":true,"href":"https:\/\/fonds-voltaire.org\/wp\/index.php?rest_route=\/wp\/v2\/users\/1"}],"replies":[{"embeddable":true,"href":"https:\/\/fonds-voltaire.org\/wp\/index.php?rest_route=%2Fwp%2Fv2%2Fcomments&post=14"}],"version-history":[{"count":0,"href":"https:\/\/fonds-voltaire.org\/wp\/index.php?rest_route=\/wp\/v2\/pages\/14\/revisions"}],"wp:attachment":[{"href":"https:\/\/fonds-voltaire.org\/wp\/index.php?rest_route=%2Fwp%2Fv2%2Fmedia&parent=14"}],"curies":[{"name":"wp","href":"https:\/\/api.w.org\/{rel}","templated":true}]}}